{"id":540,"date":"2020-04-14T15:48:48","date_gmt":"2020-04-14T13:48:48","guid":{"rendered":"https:\/\/saint-gibrien.tk\/?page_id=540"},"modified":"2020-04-24T17:09:01","modified_gmt":"2020-04-24T15:09:01","slug":"vivre-ensemble","status":"publish","type":"page","link":"https:\/\/saint-gibrien.fr\/index.php\/vivre-ensemble\/","title":{"rendered":"Vivre ensemble"},"content":{"rendered":"\n<div class=\"wp-block-group\"><div class=\"wp-block-group__inner-container is-layout-flow wp-block-group-is-layout-flow\">\n<div class=\"wp-block-group\"><div class=\"wp-block-group__inner-container is-layout-flow wp-block-group-is-layout-flow\">\n<p><strong>Le bruit dans les propri\u00e9t\u00e9s priv\u00e9es:<\/strong><\/p>\n\n\n\n<p>Un arr\u00eat\u00e9 pr\u00e9fectoral relatif \u00e0 la lutte contre les bruits du voisinage dans le d\u00e9partement de la Marne fixe les horaires des bruits dans les propri\u00e9t\u00e9s priv\u00e9es :<\/p>\n\n\n\n<p><em>\u00ab\u00a0Article 13 &#8211; Les occupants et utilisateurs priv\u00e9s, d&rsquo;immeubles d&rsquo;habitation, de leurs d\u00e9pendances et de leurs abords doivent prendre toutes les mesures afin que les travaux de bricolage ou de jardinage r\u00e9alis\u00e9s \u00e0 l&rsquo;aide d&rsquo;outils ou d&rsquo;appareils bruyants, tels que tondeuse \u00e0 gazon, tron\u00e7onneuse, b\u00e9tonni\u00e8re, perceuse&#8230;ne soient pas cause de g\u00eane au voisinage.\u00a0\u00bb<\/em><\/p>\n\n\n\n<p>A CET EFFET, CES TRAVAUX NE SONT AUTORISES QU&rsquo;AUX HORAIRES SUIVANTS :<\/p>\n\n\n\n<figure class=\"wp-block-table\"><table><tbody><tr><td><\/td><td>Semaine<\/td><td>Samedi<\/td><td>Dimanche et jours f\u00e9ri\u00e9s<\/td><\/tr><tr><td>Matin<\/td><td>09h00 &#8211; 12h00<\/td><td>09h00 &#8211; 12h00<\/td><td>10h00 &#8211; 12h00<\/td><\/tr><tr><td>Apr\u00e8s-midi<\/td><td>14h00 &#8211; 19h30<\/td><td>14h00 &#8211; 19h00<\/td><td>&#8211;<\/td><\/tr><\/tbody><\/table><\/figure>\n<\/div><\/div>\n<\/div><\/div>\n\n\n\n<hr class=\"wp-block-separator has-text-color has-background has-pale-cyan-blue-background-color has-pale-cyan-blue-color\"\/>\n\n\n\n<p><strong>Les animaux<\/strong>:<\/p>\n\n\n\n<p>Les propri\u00e9taires d&rsquo;animaux sont tenus de prendre toutes mesures propres \u00e0 \u00e9viter une g\u00eane pour le voisinage (aboiement r\u00e9p\u00e9t\u00e9s et intempestifs, chats qui \u00e9ventrent les poubelles ou qui grimpent sur les voitures) y compris par l&rsquo;usage de tout dispositif dissuadant les animaux de faire du bruit.<\/p>\n\n\n\n<p>Ils sont tenus de respecter les r\u00e8gles d&rsquo;hygi\u00e8ne \u00e0 observer sur la voie publique concernant les d\u00e9jections de leurs animaux. Merci de ne pas laisser trace du passage de votre animal sur les trottoirs lors de vos promenades quotidiennes.<\/p>\n\n\n\n<p>Nous vous rappelons que des sacs pour d\u00e9jections canines sont \u00e0 votre disposition GRATUITEMENT en mairie.<\/p>\n\n\n\n<p>Par ailleurs, il est interdit de laisser divaguer les animaux domestiques dans les rues, sur les places et autres points de la voie publique.<\/p>\n\n\n\n<hr class=\"wp-block-separator has-text-color has-background has-pale-cyan-blue-background-color has-pale-cyan-blue-color\"\/>\n\n\n\n<p><strong>Autorisations d&rsquo;urbanisme:<\/strong><\/p>\n\n\n\n<p>Que vous envisagiez de faire une cl\u00f4ture, la changer, monter une pergola, une terrasse, un abri de jardin, am\u00e9nager vos combles&#8230;entre autres, CES TRAVAUX SONT SOUMIS A DECLARATION D&rsquo;URBANISME EN MAIRIE. La commune \u00e0 un plan local d&rsquo;urbanisme avec un r\u00e8glement de ce qui est autoris\u00e9 ou non selon la zone dans laquelle vous habitez, il faut avant tout projet s&rsquo;y r\u00e9f\u00e9rer. <\/p>\n\n\n\n<p>La Direction de l&rsquo;Urbanisme de Ch\u00e2lons instruit dor\u00e9navant ces demandes d&rsquo;urbanisme d\u00e9pos\u00e9es en mairie de Saint-Gibrien. L&rsquo;instruction de chaque dossier repr\u00e9sente un co\u00fbt pour la commune. <\/p>\n\n\n\n<p>Tous les formulaires et les explications sont disponibles sur le site <a href=\"https:\/\/www.service-public.fr\">https:\/\/www.service-public.fr<\/a><\/p>\n\n\n\n<hr class=\"wp-block-separator has-text-color has-background has-pale-cyan-blue-background-color has-pale-cyan-blue-color\"\/>\n\n\n\n<p><strong>Documents:<\/strong><\/p>\n\n\n\n<ul class=\"wp-block-list\"><li><a href=\"https:\/\/sendeyo.com\/up\/d\/0061603d28\" target=\"_blank\" rel=\"noreferrer noopener\">Bruits de voisinage<\/a><\/li><li><a href=\"https:\/\/sendeyo.com\/up\/d\/e7bf6878f5\" target=\"_blank\" rel=\"noreferrer noopener\">D\u00e9ch\u00eats verts : cessez-le-feu<\/a><\/li><li><a href=\"https:\/\/sendeyo.com\/up\/d\/eff666385a\" target=\"_blank\" rel=\"noreferrer noopener\">Distance des plantations<\/a><\/li><li><a href=\"https:\/\/sendeyo.com\/up\/d\/2c77fcd89e\" target=\"_blank\" rel=\"noreferrer noopener\">Calendriers des d\u00e9chets<\/a><\/li><li><a href=\"https:\/\/sendeyo.com\/up\/d\/d8cb8a513b\" target=\"_blank\" rel=\"noreferrer noopener\">Agriculture, distance de s\u00e9curit\u00e9 projection produits phytosanitaire<\/a><\/li><li><a href=\"https:\/\/sendeyo.com\/up\/d\/a224b6d0bf\" target=\"_blank\" rel=\"noreferrer noopener\">Charte de bon voisinage<\/a><\/li><\/ul>\n\n\n\n<p><\/p>\n","protected":false},"excerpt":{"rendered":"<p>Le bruit dans les propri\u00e9t\u00e9s priv\u00e9es: Un arr\u00eat\u00e9 pr\u00e9fectoral relatif \u00e0 la lutte contre les bruits du voisinage dans le d\u00e9partement de la Marne fixe les horaires des bruits dans les propri\u00e9t\u00e9s priv\u00e9es : \u00ab\u00a0Article 13 &#8211; Les occupants et utilisateurs priv\u00e9s, d&rsquo;immeubles d&rsquo;habitation, de leurs d\u00e9pendances et de leurs abords doivent prendre toutes les <a href=\"https:\/\/saint-gibrien.fr\/index.php\/vivre-ensemble\/\" rel=\"nofollow\"><span class=\"sr-only\">En savoir plus surVivre ensemble<\/span>[&hellip;]<\/a><\/p>\n","protected":false},"author":1,"featured_media":0,"parent":0,"menu_order":0,"comment_status":"closed","ping_status":"closed","template":"","meta":{"footnotes":""},"yst_prominent_words":[317,302,308,318,304,309,312,305,316,313,33,315,314,311,310,301,319,307,303,306],"class_list":["post-540","page","type-page","status-publish","hentry"],"_links":{"self":[{"href":"https:\/\/saint-gibrien.fr\/index.php\/wp-json\/wp\/v2\/pages\/540","targetHints":{"allow":["GET"]}}],"collection":[{"href":"https:\/\/saint-gibrien.fr\/index.php\/wp-json\/wp\/v2\/pages"}],"about":[{"href":"https:\/\/saint-gibrien.fr\/index.php\/wp-json\/wp\/v2\/types\/page"}],"author":[{"embeddable":true,"href":"https:\/\/saint-gibrien.fr\/index.php\/wp-json\/wp\/v2\/users\/1"}],"replies":[{"embeddable":true,"href":"https:\/\/saint-gibrien.fr\/index.php\/wp-json\/wp\/v2\/comments?post=540"}],"version-history":[{"count":21,"href":"https:\/\/saint-gibrien.fr\/index.php\/wp-json\/wp\/v2\/pages\/540\/revisions"}],"predecessor-version":[{"id":973,"href":"https:\/\/saint-gibrien.fr\/index.php\/wp-json\/wp\/v2\/pages\/540\/revisions\/973"}],"wp:attachment":[{"href":"https:\/\/saint-gibrien.fr\/index.php\/wp-json\/wp\/v2\/media?parent=540"}],"wp:term":[{"taxonomy":"yst_prominent_words","embeddable":true,"href":"https:\/\/saint-gibrien.fr\/index.php\/wp-json\/wp\/v2\/yst_prominent_words?post=540"}],"curies":[{"name":"wp","href":"https:\/\/api.w.org\/{rel}","templated":true}]}}