{"id":563,"date":"2020-04-14T16:03:22","date_gmt":"2020-04-14T14:03:22","guid":{"rendered":"https:\/\/saint-gibrien.tk\/?page_id=563"},"modified":"2025-03-13T15:40:33","modified_gmt":"2025-03-13T14:40:33","slug":"location-de-la-salle-communale","status":"publish","type":"page","link":"https:\/\/saint-gibrien.fr\/index.php\/location-de-la-salle-communale\/","title":{"rendered":"Location de la salle communale"},"content":{"rendered":"\n<p>Les habitants de la commune peuvent r\u00e9server la salle communale pour organiser un \u00e9v\u00e8nement familial. <br>La salle \u00e9tant tr\u00e8s sollicit\u00e9e, il est conseill\u00e9 de r\u00e9server le plus t\u00f4t possible pour avoir la date souhait\u00e9e. <br>Le contrat de location est disponible au secr\u00e9tariat de Mairie.<\/p>\n\n\n\n<p>La capacit\u00e9 de la salle est limit\u00e9e \u00e0 60 personnes assises et 120 personnes debout.<\/p>\n\n\n\n<p><strong>Nous comptons sur votre compr\u00e9hension pour ne pas mettre la musique trop forte ou faire du bruit \u00e0 l&rsquo;ext\u00e9rieur de la salle pour ne pas importuner les riverains.<\/strong><\/p>\n\n\n\n<p>Vous pouvez acc\u00e9der au r\u00e9glement <a href=\"https:\/\/saint-gibrien.fr\/wp-content\/uploads\/2025\/03\/Reglement-de-location-salle-communale-2023.pdf\">ici<\/a><\/p>\n\n\n\n<p><strong><u>TARIFS DE LOCATION au 1<sup>er<\/sup> JANVIER 2025<\/u><\/strong><\/p>\n\n\n\n<figure class=\"wp-block-table\"><table><tbody><tr><td>TARIF DE SALLE COMMUNALE<\/td><\/tr><tr><td><strong>J<\/strong>OURNEE<\/td><td>WEEK-END<\/td><\/tr><tr><td>110 \u20ac<\/td><td>220 \u20ac<\/td><\/tr><\/tbody><\/table><\/figure>\n\n\n\n<p><\/p>\n\n\n\n<p><\/p>\n\n\n\n<p><\/p>\n\n\n\n<p><\/p>\n\n\n\n<p><\/p>\n\n\n\n<p><\/p>\n\n\n\n<p><\/p>\n\n\n\n<p><\/p>\n\n\n\n<p><\/p>\n\n\n\n<p><\/p>\n","protected":false},"excerpt":{"rendered":"<p>Les habitants de la commune peuvent r\u00e9server la salle communale pour organiser un \u00e9v\u00e8nement familial. La salle \u00e9tant tr\u00e8s sollicit\u00e9e, il est conseill\u00e9 de r\u00e9server le plus t\u00f4t possible pour avoir la date souhait\u00e9e. Le contrat de location est disponible au secr\u00e9tariat de Mairie. La capacit\u00e9 de la salle est limit\u00e9e \u00e0 60 personnes assises <a href=\"https:\/\/saint-gibrien.fr\/index.php\/location-de-la-salle-communale\/\" rel=\"nofollow\"><span class=\"sr-only\">En savoir plus surLocation de la salle communale<\/span>[&hellip;]<\/a><\/p>\n","protected":false},"author":1,"featured_media":0,"parent":0,"menu_order":0,"comment_status":"closed","ping_status":"closed","template":"","meta":{"footnotes":""},"yst_prominent_words":[423,140,138,243],"class_list":["post-563","page","type-page","status-publish","hentry"],"_links":{"self":[{"href":"https:\/\/saint-gibrien.fr\/index.php\/wp-json\/wp\/v2\/pages\/563","targetHints":{"allow":["GET"]}}],"collection":[{"href":"https:\/\/saint-gibrien.fr\/index.php\/wp-json\/wp\/v2\/pages"}],"about":[{"href":"https:\/\/saint-gibrien.fr\/index.php\/wp-json\/wp\/v2\/types\/page"}],"author":[{"embeddable":true,"href":"https:\/\/saint-gibrien.fr\/index.php\/wp-json\/wp\/v2\/users\/1"}],"replies":[{"embeddable":true,"href":"https:\/\/saint-gibrien.fr\/index.php\/wp-json\/wp\/v2\/comments?post=563"}],"version-history":[{"count":19,"href":"https:\/\/saint-gibrien.fr\/index.php\/wp-json\/wp\/v2\/pages\/563\/revisions"}],"predecessor-version":[{"id":1898,"href":"https:\/\/saint-gibrien.fr\/index.php\/wp-json\/wp\/v2\/pages\/563\/revisions\/1898"}],"wp:attachment":[{"href":"https:\/\/saint-gibrien.fr\/index.php\/wp-json\/wp\/v2\/media?parent=563"}],"wp:term":[{"taxonomy":"yst_prominent_words","embeddable":true,"href":"https:\/\/saint-gibrien.fr\/index.php\/wp-json\/wp\/v2\/yst_prominent_words?post=563"}],"curies":[{"name":"wp","href":"https:\/\/api.w.org\/{rel}","templated":true}]}}