{"id":823,"date":"2020-04-20T15:46:46","date_gmt":"2020-04-20T13:46:46","guid":{"rendered":"https:\/\/saint-gibrien.tk\/?page_id=823"},"modified":"2025-01-20T17:33:32","modified_gmt":"2025-01-20T16:33:32","slug":"demarches-administratives","status":"publish","type":"page","link":"https:\/\/saint-gibrien.fr\/index.php\/demarches-administratives\/","title":{"rendered":"D\u00e9marches administratives"},"content":{"rendered":"\n<div class=\"wp-block-media-text alignwide is-stacked-on-mobile\" style=\"grid-template-columns:25% auto\"><figure class=\"wp-block-media-text__media\"><img loading=\"lazy\" decoding=\"async\" width=\"294\" height=\"171\" src=\"https:\/\/saint-gibrien.tk\/wp-content\/uploads\/2020\/04\/CNI.png\" alt=\"\" class=\"wp-image-886 size-full\"\/><\/figure><div class=\"wp-block-media-text__content\">\n<h4 class=\"wp-block-heading\"><strong>Carte nationale d&rsquo;identit\u00e9 et Passeport<\/strong><\/h4>\n\n\n\n<p><\/p>\n<\/div><\/div>\n\n\n\n<ul class=\"wp-block-list\">\n<li><strong>Carte Nationale d&rsquo;Identit\u00e9 (CNI)<\/strong><\/li>\n<\/ul>\n\n\n\n<p>Les d\u00e9marches s\u2019effectuent \u00e0 la&nbsp;<strong>mairie de Ch\u00e2lons-en-Champagne<\/strong>&nbsp;en vous munissant du document, \u00e0 pr\u00e9 remplir, accessible <a href=\"https:\/\/passeport.ants.gouv.fr\/Services-associes\/Realiser-une-pre-demande-de-carte-nationale-d-identite-CNI\" target=\"_blank\" rel=\"noreferrer noopener\">ici<\/a>.<\/p>\n\n\n\n<p>La liste des documents \u00e0 fournir se trouve sur le&nbsp;<a rel=\"noreferrer noopener\" href=\"https:\/\/www.service-public.fr\/particuliers\/vosdroits\/N358\" target=\"_blank\">site Services Publics.<\/a><\/p>\n\n\n\n<ul class=\"wp-block-list\">\n<li><strong>Passeport<\/strong><\/li>\n<\/ul>\n\n\n\n<p>Les d\u00e9marches s\u2019effectuent <strong>\u00e0 la mairie de Ch\u00e2lons-en-Champagne.<\/strong><\/p>\n\n\n\n<p>La liste des documents \u00e0 fournir se trouve sur le&nbsp;<a href=\"https:\/\/www.service-public.fr\/particuliers\/vosdroits\/N360\" target=\"_blank\" rel=\"noreferrer noopener\">site Services Publics<\/a>.<\/p>\n\n\n\n<hr class=\"wp-block-separator has-css-opacity\"\/>\n\n\n\n<div class=\"wp-block-media-text alignwide is-stacked-on-mobile\" style=\"grid-template-columns:25% auto\"><figure class=\"wp-block-media-text__media\"><img loading=\"lazy\" decoding=\"async\" width=\"259\" height=\"195\" src=\"https:\/\/saint-gibrien.tk\/wp-content\/uploads\/2020\/04\/Mariage.jpg\" alt=\"\" class=\"wp-image-898 size-full\"\/><\/figure><div class=\"wp-block-media-text__content\">\n<h3 class=\"wp-block-heading\"><strong>Mariages et PACS<\/strong><\/h3>\n<\/div><\/div>\n\n\n\n<p><strong>Mariage<\/strong><strong><\/strong><\/p>\n\n\n\n<p>Le dossier doit \u00eatre d\u00e9pos\u00e9 \u00e0 la mairie de la commune choisie pour la c\u00e9r\u00e9monie.&nbsp;<\/p>\n\n\n\n<ul class=\"wp-block-list\">\n<li><strong>Pi\u00e8ces \u00e0 produire par chacun des \u00e9poux<\/strong><\/li>\n\n\n\n<li>Original et photocopie de la pi\u00e8ce d&rsquo;identit\u00e9<\/li>\n\n\n\n<li>Justificatif de domicile ou de r\u00e9sidence (facture d&rsquo;eau, d&rsquo;\u00e9lectricit\u00e9 ou de gaz, avis d&rsquo;imposition, justificatif de taxe d&rsquo;habitation&#8230;)<\/li>\n\n\n\n<li>Informations sur les\u00a0<a href=\"https:\/\/www.service-public.fr\/particuliers\/vosdroits\/F1248\">t\u00e9moins<\/a>\u00a0<\/li>\n\n\n\n<li><a href=\"https:\/\/www.service-public.fr\/particuliers\/vosdroits\/F1427\">Acte de naissance<\/a>\u00a0(copie int\u00e9grale ou extrait avec filiation), de 3 mois maximum si le service qui d\u00e9livre l&rsquo;acte est fran\u00e7ais (ou de 6 mois maximum si le service qui d\u00e9livre l&rsquo;acte est \u00e9tranger).\n<ul class=\"wp-block-list\">\n<li>Pour vos d\u00e9marches :\u00a0<a href=\"https:\/\/www.service-public.fr\/particuliers\/vosdroits\/F930\">https:\/\/www.service-public.fr\/particuliers\/vosdroits\/F930\u00a0<\/a><\/li>\n<\/ul>\n<\/li>\n<\/ul>\n\n\n\n<p><strong>Extrait de l&rsquo;acte de mariage<\/strong><\/p>\n\n\n\n<p>A demander \u00e0 la mairie du lieu de la c\u00e9l\u00e9bration de mariage.<\/p>\n\n\n\n<p><strong>Pacte civil de Solidarit\u00e9 (PACS)<\/strong><\/p>\n\n\n\n<p>Le pacte civil de solidarit\u00e9 (Pacs) est un contrat. Il est conclu entre 2 personnes majeures, de sexe diff\u00e9rent ou de m\u00eame sexe, pour organiser leur vie commune.<\/p>\n\n\n\n<p>Vous devez faire enregistrer la d\u00e9claration conjointe de Pacs en vous adressant soit \u00e0 l&rsquo;officier d&rsquo;\u00e9tat civil (en mairie) de la commune de r\u00e9sidence commune, soit \u00e0 un notaire.<\/p>\n\n\n\n<ul class=\"wp-block-list\">\n<li>Convention de Pacs (convention personnalis\u00e9e ou formulaire CERFA compl\u00e9t\u00e9 n\u00b015726*02)<\/li>\n\n\n\n<li>D\u00e9claration conjointe d&rsquo;un pacte civil de solidarit\u00e9 (Pacs) et attestations sur l&rsquo;honneur de non-parent\u00e9, non-alliance et r\u00e9sidence commune (formulaire CERFA n\u00b015725*02)<\/li>\n\n\n\n<li>Acte de naissance (copie int\u00e9grale ou extrait avec filiation) de moins de 3 mois<\/li>\n\n\n\n<li>Pi\u00e8ce d&rsquo;identit\u00e9 en cours de validit\u00e9 (carte d&rsquo;identit\u00e9, passeport&#8230;) d\u00e9livr\u00e9e par une administration publique (original +1 photocopie)<\/li>\n\n\n\n<li>Pour vos d\u00e9marches :\u00a0<a href=\"https:\/\/www.service-public.fr\/particuliers\/vosdroits\/N144\">https:\/\/www.service-public.fr\/particuliers\/vosdroits\/N144<\/a><\/li>\n<\/ul>\n\n\n\n<p><a href=\"https:\/\/www.service-public.fr\/particuliers\/vosdroits\/R48755\">CERFA 15726*02<\/a>&nbsp;&nbsp;&nbsp;&nbsp; <a href=\"https:\/\/www.service-public.fr\/particuliers\/vosdroits\/R48756\">CERFA 15725*02<\/a><\/p>\n\n\n\n<hr class=\"wp-block-separator has-css-opacity\"\/>\n\n\n\n<div class=\"wp-block-media-text alignwide is-stacked-on-mobile\" style=\"grid-template-columns:25% auto\"><figure class=\"wp-block-media-text__media\"><img loading=\"lazy\" decoding=\"async\" width=\"280\" height=\"157\" src=\"https:\/\/saint-gibrien.tk\/wp-content\/uploads\/2020\/04\/Listes-elect.jpg\" alt=\"\" class=\"wp-image-903 size-full\"\/><\/figure><div class=\"wp-block-media-text__content\">\n<h3 class=\"wp-block-heading\"><strong>Listes \u00e9lectorales<\/strong><\/h3>\n<\/div><\/div>\n\n\n\n<p>Vous pouvez v\u00e9rifier votre situation \u00e9lectorale sur<a href=\"https:\/\/www.service-public.fr\/particuliers\/vosdroits\/services-en-ligne-et-formulaires\/ISE\" target=\"_blank\" rel=\"noreferrer noopener\">www.service-public.fr<\/a><strong>.<\/strong><\/p>\n\n\n\n<p>A sa majorit\u00e9, chaque Fran\u00e7ais est inscrit automatiquement sur les listes \u00e9lectorales s\u2019il a effectu\u00e9 les d\u00e9marches de recensement citoyen au moment de ses 16 ans.<\/p>\n\n\n\n<p>La r\u00e9gularisation de la situation est n\u00e9anmoins possible aupr\u00e8s de la mairie ou du tribunal d&rsquo;instance.<\/p>\n\n\n\n<p>En cas de d\u00e9m\u00e9nagement, chaque fran\u00e7ais est tenu de d\u00e9clarer sa nouvelle adresse aupr\u00e8s de la mairie de son nouveau domicile et s\u2019inscrire sur la liste \u00e9lectorale de la commune.<\/p>\n\n\n\n<p>Documents \u00e0 fournir :<\/p>\n\n\n\n<ul class=\"wp-block-list\">\n<li>Justificatif d&rsquo;identit\u00e9 et de domicile\u00a0<strong>de moins de 3 mois<\/strong><\/li>\n\n\n\n<li>Formulaire CERFA12669*02 de demande d\u2019inscription sur la liste principale ou CERFA12670*02 de demande inscription pour les ressortissants Europ\u00e9ens afin de voter aux Elections Municipales sur la liste Compl\u00e9mentaire Municipale et 12671*02 de demande d\u2019inscription pour les ressortissants Europ\u00e9ens afin de voter aux Elections Europ\u00e9ennes sur la liste Compl\u00e9mentaire Europ\u00e9enne.<\/li>\n<\/ul>\n\n\n\n<p><a href=\"https:\/\/www.service-public.fr\/particuliers\/vosdroits\/R16024\">CERFA 12669*02<\/a>\u00a0\u00a0\u00a0 <a href=\"https:\/\/www.service-public.fr\/particuliers\/vosdroits\/R16026\">CERFA 12670*02<\/a>\u00a0\u00a0\u00a0\u00a0 <a href=\"https:\/\/www.service-public.fr\/particuliers\/vosdroits\/R16025\">CERFA 12671*02<\/a><\/p>\n\n\n\n<hr class=\"wp-block-separator has-css-opacity\"\/>\n\n\n\n<div class=\"wp-block-media-text alignwide is-stacked-on-mobile\" style=\"grid-template-columns:25% auto\"><figure class=\"wp-block-media-text__media\"><img loading=\"lazy\" decoding=\"async\" width=\"349\" height=\"144\" src=\"https:\/\/saint-gibrien.tk\/wp-content\/uploads\/2020\/04\/D\u00e9c\u00e9s.jpg\" alt=\"\" class=\"wp-image-905 size-full\" srcset=\"https:\/\/saint-gibrien.fr\/wp-content\/uploads\/2020\/04\/D\u00e9c\u00e9s.jpg 349w, https:\/\/saint-gibrien.fr\/wp-content\/uploads\/2020\/04\/D\u00e9c\u00e9s-300x124.jpg 300w\" sizes=\"auto, (max-width: 349px) 100vw, 349px\" \/><\/figure><div class=\"wp-block-media-text__content\">\n<h3 class=\"wp-block-heading\"><strong>D\u00e9c\u00e8s<\/strong><\/h3>\n<\/div><\/div>\n\n\n\n<p>Il faut informer le plus rapidement possible les diff\u00e9rents organismes concern\u00e9s par le d\u00e9c\u00e8s, avant de d\u00e9clencher le r\u00e8glement de la succession.<\/p>\n\n\n\n<p><strong>Acte de d\u00e9c\u00e8s<\/strong><\/p>\n\n\n\n<p>Une copie int\u00e9grale d&rsquo;acte de d\u00e9c\u00e8s peut \u00eatre d\u00e9livr\u00e9e \u00e0 toute personne qui en fait la demande. Les d\u00e9marches pour l&rsquo;obtenir d\u00e9pendent du lieu du d\u00e9c\u00e8s.&nbsp;Toute personne peut demander un acte de d\u00e9c\u00e8s, sans justification particuli\u00e8re. Vous pouvez demander cet acte aupr\u00e8s de la mairie du lieu du d\u00e9c\u00e8s ou \u00e0 la mairie du lieu de son dernier domicile.<\/p>\n\n\n\n<p>Toutes vos d\u00e9marches :&nbsp;<a href=\"https:\/\/www.service-public.fr\/particuliers\/vosdroits\/F16507\">https:\/\/www.service-public.fr\/particuliers\/vosdroits\/F16507<\/a><\/p>\n","protected":false},"excerpt":{"rendered":"<p>Carte nationale d&rsquo;identit\u00e9 et Passeport Les d\u00e9marches s\u2019effectuent \u00e0 la&nbsp;mairie de Ch\u00e2lons-en-Champagne&nbsp;en vous munissant du document, \u00e0 pr\u00e9 remplir, accessible ici. La liste des documents \u00e0 fournir se trouve sur le&nbsp;site Services Publics. Les d\u00e9marches s\u2019effectuent \u00e0 la mairie de Ch\u00e2lons-en-Champagne. La liste des documents \u00e0 fournir se trouve sur le&nbsp;site Services Publics. Mariages et <a href=\"https:\/\/saint-gibrien.fr\/index.php\/demarches-administratives\/\" rel=\"nofollow\"><span class=\"sr-only\">En savoir plus surD\u00e9marches administratives<\/span>[&hellip;]<\/a><\/p>\n","protected":false},"author":1,"featured_media":0,"parent":0,"menu_order":0,"comment_status":"closed","ping_status":"closed","template":"","meta":{"footnotes":""},"yst_prominent_words":[160,154,190,163,162,157,161,293,171,159,158,192,165,155,156,153,164,296,294],"class_list":["post-823","page","type-page","status-publish","hentry"],"_links":{"self":[{"href":"https:\/\/saint-gibrien.fr\/index.php\/wp-json\/wp\/v2\/pages\/823","targetHints":{"allow":["GET"]}}],"collection":[{"href":"https:\/\/saint-gibrien.fr\/index.php\/wp-json\/wp\/v2\/pages"}],"about":[{"href":"https:\/\/saint-gibrien.fr\/index.php\/wp-json\/wp\/v2\/types\/page"}],"author":[{"embeddable":true,"href":"https:\/\/saint-gibrien.fr\/index.php\/wp-json\/wp\/v2\/users\/1"}],"replies":[{"embeddable":true,"href":"https:\/\/saint-gibrien.fr\/index.php\/wp-json\/wp\/v2\/comments?post=823"}],"version-history":[{"count":19,"href":"https:\/\/saint-gibrien.fr\/index.php\/wp-json\/wp\/v2\/pages\/823\/revisions"}],"predecessor-version":[{"id":1849,"href":"https:\/\/saint-gibrien.fr\/index.php\/wp-json\/wp\/v2\/pages\/823\/revisions\/1849"}],"wp:attachment":[{"href":"https:\/\/saint-gibrien.fr\/index.php\/wp-json\/wp\/v2\/media?parent=823"}],"wp:term":[{"taxonomy":"yst_prominent_words","embeddable":true,"href":"https:\/\/saint-gibrien.fr\/index.php\/wp-json\/wp\/v2\/yst_prominent_words?post=823"}],"curies":[{"name":"wp","href":"https:\/\/api.w.org\/{rel}","templated":true}]}}